{"id":1409,"date":"2018-06-18T11:18:07","date_gmt":"2018-06-18T09:18:07","guid":{"rendered":"http:\/\/localhost\/dermapp.ch\/a-propos\/"},"modified":"2024-05-28T09:35:13","modified_gmt":"2024-05-28T07:35:13","slug":"ueber-dermapp","status":"publish","type":"page","link":"https:\/\/dermapp.ch\/de\/ueber-dermapp\/","title":{"rendered":"Ueber DermApp"},"content":{"rendered":"","protected":false},"excerpt":{"rendered":"","protected":false},"author":1,"featured_media":1319,"parent":0,"menu_order":0,"comment_status":"closed","ping_status":"closed","template":"about.php","meta":{"_acf_changed":false,"inline_featured_image":false,"footnotes":""},"class_list":["post-1409","page","type-page","status-publish","has-post-thumbnail","hentry"],"acf":[],"yoast_head":"<!-- This site is optimized with the Yoast SEO plugin v25.5 - https:\/\/yoast.com\/wordpress\/plugins\/seo\/ -->\n<title>\u00dcber die dermatologische Online-Konsultation<\/title>\n<meta name=\"description\" content=\"DermApp erm\u00f6glicht Ihnen \u00fcber ein Online-Formular mit Fotos einen schnellen und sicheren Zugriff auf das Fachwissen eines zertifizierten Dermatologen.\" \/>\n<meta name=\"robots\" content=\"index, follow, max-snippet:-1, max-image-preview:large, max-video-preview:-1\" \/>\n<link rel=\"canonical\" href=\"https:\/\/dermapp.ch\/de\/ueber-dermapp\/\" \/>\n<meta property=\"og:locale\" content=\"de_DE\" \/>\n<meta property=\"og:type\" content=\"article\" \/>\n<meta property=\"og:title\" content=\"\u00dcber die dermatologische Online-Konsultation\" \/>\n<meta property=\"og:description\" content=\"DermApp erm\u00f6glicht Ihnen \u00fcber ein Online-Formular mit Fotos einen schnellen und sicheren Zugriff auf das Fachwissen eines zertifizierten Dermatologen.\" \/>\n<meta property=\"og:url\" content=\"https:\/\/dermapp.ch\/de\/ueber-dermapp\/\" \/>\n<meta property=\"og:site_name\" content=\"Dermapp\" \/>\n<meta property=\"article:modified_time\" content=\"2024-05-28T07:35:13+00:00\" \/>\n<meta property=\"og:image\" content=\"https:\/\/dermapp.ch\/app\/uploads\/2018\/06\/print_screen.jpg\" \/>\n\t<meta property=\"og:image:width\" content=\"704\" \/>\n\t<meta property=\"og:image:height\" content=\"425\" \/>\n\t<meta property=\"og:image:type\" content=\"image\/jpeg\" \/>\n<meta name=\"twitter:card\" content=\"summary_large_image\" \/>\n<script type=\"application\/ld+json\" class=\"yoast-schema-graph\">{\"@context\":\"https:\/\/schema.org\",\"@graph\":[{\"@type\":\"WebPage\",\"@id\":\"https:\/\/dermapp.ch\/de\/ueber-dermapp\/\",\"url\":\"https:\/\/dermapp.ch\/de\/ueber-dermapp\/\",\"name\":\"\u00dcber die dermatologische Online-Konsultation\",\"isPartOf\":{\"@id\":\"https:\/\/dermapp.ch\/de\/#website\"},\"primaryImageOfPage\":{\"@id\":\"https:\/\/dermapp.ch\/de\/ueber-dermapp\/#primaryimage\"},\"image\":{\"@id\":\"https:\/\/dermapp.ch\/de\/ueber-dermapp\/#primaryimage\"},\"thumbnailUrl\":\"https:\/\/dermapp.ch\/app\/uploads\/2018\/06\/print_screen.jpg\",\"datePublished\":\"2018-06-18T09:18:07+00:00\",\"dateModified\":\"2024-05-28T07:35:13+00:00\",\"description\":\"DermApp erm\u00f6glicht Ihnen \u00fcber ein Online-Formular mit Fotos einen schnellen und sicheren Zugriff auf das Fachwissen eines zertifizierten Dermatologen.\",\"breadcrumb\":{\"@id\":\"https:\/\/dermapp.ch\/de\/ueber-dermapp\/#breadcrumb\"},\"inLanguage\":\"de-DE\",\"potentialAction\":[{\"@type\":\"ReadAction\",\"target\":[\"https:\/\/dermapp.ch\/de\/ueber-dermapp\/\"]}]},{\"@type\":\"ImageObject\",\"inLanguage\":\"de-DE\",\"@id\":\"https:\/\/dermapp.ch\/de\/ueber-dermapp\/#primaryimage\",\"url\":\"https:\/\/dermapp.ch\/app\/uploads\/2018\/06\/print_screen.jpg\",\"contentUrl\":\"https:\/\/dermapp.ch\/app\/uploads\/2018\/06\/print_screen.jpg\",\"width\":704,\"height\":425},{\"@type\":\"BreadcrumbList\",\"@id\":\"https:\/\/dermapp.ch\/de\/ueber-dermapp\/#breadcrumb\",\"itemListElement\":[{\"@type\":\"ListItem\",\"position\":1,\"name\":\"Home\",\"item\":\"https:\/\/staging.dermapp.ch\/de\/\"},{\"@type\":\"ListItem\",\"position\":2,\"name\":\"Ueber DermApp\"}]},{\"@type\":\"WebSite\",\"@id\":\"https:\/\/dermapp.ch\/de\/#website\",\"url\":\"https:\/\/dermapp.ch\/de\/\",\"name\":\"Dermapp\",\"description\":\"\",\"potentialAction\":[{\"@type\":\"SearchAction\",\"target\":{\"@type\":\"EntryPoint\",\"urlTemplate\":\"https:\/\/dermapp.ch\/de\/?s={search_term_string}\"},\"query-input\":{\"@type\":\"PropertyValueSpecification\",\"valueRequired\":true,\"valueName\":\"search_term_string\"}}],\"inLanguage\":\"de-DE\"}]}<\/script>\n<!-- \/ Yoast SEO plugin. -->","yoast_head_json":{"title":"\u00dcber die dermatologische Online-Konsultation","description":"DermApp erm\u00f6glicht Ihnen \u00fcber ein Online-Formular mit Fotos einen schnellen und sicheren Zugriff auf das Fachwissen eines zertifizierten Dermatologen.","robots":{"index":"index","follow":"follow","max-snippet":"max-snippet:-1","max-image-preview":"max-image-preview:large","max-video-preview":"max-video-preview:-1"},"canonical":"https:\/\/dermapp.ch\/de\/ueber-dermapp\/","og_locale":"de_DE","og_type":"article","og_title":"\u00dcber die dermatologische Online-Konsultation","og_description":"DermApp erm\u00f6glicht Ihnen \u00fcber ein Online-Formular mit Fotos einen schnellen und sicheren Zugriff auf das Fachwissen eines zertifizierten Dermatologen.","og_url":"https:\/\/dermapp.ch\/de\/ueber-dermapp\/","og_site_name":"Dermapp","article_modified_time":"2024-05-28T07:35:13+00:00","og_image":[{"width":704,"height":425,"url":"https:\/\/dermapp.ch\/app\/uploads\/2018\/06\/print_screen.jpg","type":"image\/jpeg"}],"twitter_card":"summary_large_image","schema":{"@context":"https:\/\/schema.org","@graph":[{"@type":"WebPage","@id":"https:\/\/dermapp.ch\/de\/ueber-dermapp\/","url":"https:\/\/dermapp.ch\/de\/ueber-dermapp\/","name":"\u00dcber die dermatologische Online-Konsultation","isPartOf":{"@id":"https:\/\/dermapp.ch\/de\/#website"},"primaryImageOfPage":{"@id":"https:\/\/dermapp.ch\/de\/ueber-dermapp\/#primaryimage"},"image":{"@id":"https:\/\/dermapp.ch\/de\/ueber-dermapp\/#primaryimage"},"thumbnailUrl":"https:\/\/dermapp.ch\/app\/uploads\/2018\/06\/print_screen.jpg","datePublished":"2018-06-18T09:18:07+00:00","dateModified":"2024-05-28T07:35:13+00:00","description":"DermApp erm\u00f6glicht Ihnen \u00fcber ein Online-Formular mit Fotos einen schnellen und sicheren Zugriff auf das Fachwissen eines zertifizierten Dermatologen.","breadcrumb":{"@id":"https:\/\/dermapp.ch\/de\/ueber-dermapp\/#breadcrumb"},"inLanguage":"de-DE","potentialAction":[{"@type":"ReadAction","target":["https:\/\/dermapp.ch\/de\/ueber-dermapp\/"]}]},{"@type":"ImageObject","inLanguage":"de-DE","@id":"https:\/\/dermapp.ch\/de\/ueber-dermapp\/#primaryimage","url":"https:\/\/dermapp.ch\/app\/uploads\/2018\/06\/print_screen.jpg","contentUrl":"https:\/\/dermapp.ch\/app\/uploads\/2018\/06\/print_screen.jpg","width":704,"height":425},{"@type":"BreadcrumbList","@id":"https:\/\/dermapp.ch\/de\/ueber-dermapp\/#breadcrumb","itemListElement":[{"@type":"ListItem","position":1,"name":"Home","item":"https:\/\/staging.dermapp.ch\/de\/"},{"@type":"ListItem","position":2,"name":"Ueber DermApp"}]},{"@type":"WebSite","@id":"https:\/\/dermapp.ch\/de\/#website","url":"https:\/\/dermapp.ch\/de\/","name":"Dermapp","description":"","potentialAction":[{"@type":"SearchAction","target":{"@type":"EntryPoint","urlTemplate":"https:\/\/dermapp.ch\/de\/?s={search_term_string}"},"query-input":{"@type":"PropertyValueSpecification","valueRequired":true,"valueName":"search_term_string"}}],"inLanguage":"de-DE"}]}},"_links":{"self":[{"href":"https:\/\/dermapp.ch\/de\/wp-json\/wp\/v2\/pages\/1409","targetHints":{"allow":["GET"]}}],"collection":[{"href":"https:\/\/dermapp.ch\/de\/wp-json\/wp\/v2\/pages"}],"about":[{"href":"https:\/\/dermapp.ch\/de\/wp-json\/wp\/v2\/types\/page"}],"author":[{"embeddable":true,"href":"https:\/\/dermapp.ch\/de\/wp-json\/wp\/v2\/users\/1"}],"replies":[{"embeddable":true,"href":"https:\/\/dermapp.ch\/de\/wp-json\/wp\/v2\/comments?post=1409"}],"version-history":[{"count":10,"href":"https:\/\/dermapp.ch\/de\/wp-json\/wp\/v2\/pages\/1409\/revisions"}],"predecessor-version":[{"id":2363,"href":"https:\/\/dermapp.ch\/de\/wp-json\/wp\/v2\/pages\/1409\/revisions\/2363"}],"wp:featuredmedia":[{"embeddable":true,"href":"https:\/\/dermapp.ch\/de\/wp-json\/wp\/v2\/media\/1319"}],"wp:attachment":[{"href":"https:\/\/dermapp.ch\/de\/wp-json\/wp\/v2\/media?parent=1409"}],"curies":[{"name":"wp","href":"https:\/\/api.w.org\/{rel}","templated":true}]}}